{"id":10229,"date":"2019-12-23T04:42:51","date_gmt":"2019-12-23T04:42:51","guid":{"rendered":"http:\/\/catclassicsgarage.com\/?page_id=10229"},"modified":"2021-06-01T12:38:23","modified_gmt":"2021-06-01T11:38:23","slug":"spare-parts","status":"publish","type":"page","link":"https:\/\/catclassicsgarage.com\/es\/spare-parts\/","title":{"rendered":"RECAMBIOS"},"content":{"rendered":"<p>[vc_row full_width=\u00bbstretch_row\u00bb ptextcolor=\u00bbBlack\u00bb gradient_colors=\u00bb%5B%7B%7D%5D\u00bb pdecor=\u00bb1&#8243; decor_height=\u00bb130&#8243; decor_points_top=\u00bb0,0 10,0 15,60 85,60 90,0 100,0&#8243; kswr_row_top_decor_enabled=\u00bbfalse\u00bb kswr_row_bottom_decor_enabled=\u00bbfalse\u00bb css=\u00bb.vc_custom_1510154385183{padding-top: 0px !important;padding-bottom: 100px !important;background-color: #ffffff !important;}\u00bb][vc_column gradient_colors=\u00bb%5B%7B%7D%5D\u00bb][vc_empty_space height=\u00bb30px\u00bb][vc_row_inner][vc_column_inner width=\u00bb1\/2&#8243; offset=\u00bbvc_col-lg-6 vc_col-md-6&#8243;][block_title title=\u00bb\u00bb titlepos=\u00bbtext-left\u00bb]<\/p>\n<h3 style=\"font-size: 24px; font-wieght: 700;\"><strong>En nuestra p\u00e1gina web siempre encontrara una amplia gama de recambios, accesorios y consumibles originales para cl\u00e1sicos a un precio competitivo: Seat, Renault, Citroen, Peugeot, Simca y muchas otras marcas.<\/strong><\/h3>\n<p style=\"font-size: 15px; line-height: 1.4;\">Enviaremos su pedido a cualquier parte del mundo. Entrega en el menor tiempo posible proporcionada por las empresas de mensajer\u00eda ASM, DHL o Correos de Espa\u00f1a.<br \/>\nCon la forma de pago mas conveniente para ti, puede elegir los siguientes m\u00e9todos de pago: Transferencia bancaria a la cuenta de empresa, PayPal, Visa o MasterCard, o tambi\u00e9n contra reembolso a la recepci\u00f3n de su paquete.<\/p>\n<p style=\"font-size: 15px; line-height: 1.4; margin-bottom: 0px;\">Pedidos sin complicaciones, diferentes m\u00e9todos de pago, puntualidad en la entrega, el personal cualificado y la calidad superior del producto hacen que nuestra tienda sea uno de los eslabones indispensables en la restauraci\u00f3n de su cl\u00e1sico.<\/p>\n<p style=\"font-size: 15px; line-height: 1.4; margin-bottom: 0px;\">La localizaci\u00f3n de piezas de autom\u00f3viles cl\u00e1sicos con una calidad adecuada es cada vez m\u00e1s dif\u00edcil. Para no tener sorpresas en la compra, se recomienda contactar s\u00f3lo con tiendas de buena reputaci\u00f3n. La empresa Cat Classics Garage s\u00f3lo ofrece productos y servicios de calidad al mejor precio.<\/p>\n<p>[\/block_title][\/vc_column_inner][vc_column_inner width=\u00bb1\/2&#8243; offset=\u00bbvc_col-lg-6 vc_col-md-6&#8243;][vc_single_image image=\u00bb10401&#8243; img_size=\u00bbfull\u00bb alignment=\u00bbright\u00bb css=\u00bb.vc_custom_1622546885113{margin-top: 0px !important;margin-right: 0px !important;margin-bottom: 0px !important;margin-left: 0px !important;padding-top: 0px !important;padding-right: 0px !important;padding-bottom: 0px !important;padding-left: 0px !important;}\u00bb][\/vc_column_inner][\/vc_row_inner][\/vc_column][\/vc_row][vc_row full_width=\u00bbstretch_row\u00bb pix_gap=\u00bbdisable\u00bb gradient_colors=\u00bb%5B%7B%7D%5D\u00bb css=\u00bb.vc_custom_1509965175183{padding-top: 0px !important;padding-bottom: 125px !important;background-color: #ffffff !important;}\u00bb kswr_row_top_decor_enabled=\u00bbfalse\u00bb kswr_row_bottom_decor_enabled=\u00bbfalse\u00bb][vc_column css_animation=\u00bbfadeInLeft\u00bb gradient_colors=\u00bb%5B%7B%7D%5D\u00bb offset=\u00bbvc_col-lg-offset-0 vc_col-lg-4 vc_col-md-offset-3 vc_col-md-6 vc_col-sm-offset-0 vc_col-xs-12&#8243;]<div class=\"cq-twoface-box-container\" data-frontbg=\"#f6f6f6\" data-backbg=\"#f6f6f6\" data-fontcolor=\"\" data-face1=\"cq-face-left\" data-face2=\"cq-face-right\" data-cubedirection=\"rightleft\" data-cubeheight=\"340px\" data-avatarsize=\"80\" data-contentcolor=\"#000000\" data-contentsize=\"1.1em\" data-titlesize=\"1.4em\" data-contentwidth=\"70%\" data-rotatecube=\"0\" data-iconcolor=\"#000000\" data-cubemargin=\"\" data-cubewidth=\"100%\" data-frontavatar=\"image\" data-frontfullimage=\"\" data-backavatar=\"none\" data-backfullimage=\"\"><a href=\"\/spare-parts\/\" title=\"LEER MAS\" target=\"\" class=\"cq-twoface-link\"><div class=\"cq-twoface-box\"><div class=\"cq-face-item cq-face-left\"><div class=\"cq-face-content\"><img src=\"https:\/\/catclassicsgarage.com\/wp-content\/uploads\/2021\/05\/Auto-icon-catclassicsfgarage-Spare-parts-160x160.png\" width=\"80\" height=\"80\" class=\"cq-face-avatar\" \/><h4 class=\"cq-face-title\">Recambios<\/h4>Vendemos recambios necesarios para mantener tu cl\u00e1sico en buena forma.<\/div><\/div><div class=\"cq-face-item cq-face-right\"><div class=\"cq-face-content\"><h4 class=\"cq-face-title\">Recambios<\/h4>Disponemos de recambios originales de la \u00e9poca, multimarca, procedentes de antiguos stocks especializados. Ofrecemos cat\u00e1logos y revistas nacionales.<\/div><\/div><\/div><\/a><\/div>[\/vc_column][vc_column css_animation=\u00bbfadeInUp\u00bb gradient_colors=\u00bb%5B%7B%7D%5D\u00bb offset=\u00bbvc_col-lg-offset-0 vc_col-lg-4 vc_col-md-offset-3 vc_col-md-6 vc_col-sm-offset-0 vc_col-xs-12&#8243;]<div class=\"cq-twoface-box-container\" data-frontbg=\"#fcfcfc\" data-backbg=\"#fcfcfc\" data-fontcolor=\"\" data-face1=\"cq-face-left\" data-face2=\"cq-face-right\" data-cubedirection=\"rightleft\" data-cubeheight=\"340px\" data-avatarsize=\"80\" data-contentcolor=\"#000000\" data-contentsize=\"1.1em\" data-titlesize=\"1.4em\" data-contentwidth=\"70%\" data-rotatecube=\"0\" data-iconcolor=\"#ecba00\" data-cubemargin=\"\" data-cubewidth=\"100%\" data-frontavatar=\"image\" data-frontfullimage=\"\" data-backavatar=\"none\" data-backfullimage=\"\"><a href=\"\/for-sale\/\" title=\"LEER MAS\" target=\"\" class=\"cq-twoface-link\"><div class=\"cq-twoface-box\"><div class=\"cq-face-item cq-face-left\"><div class=\"cq-face-content\"><img src=\"https:\/\/catclassicsgarage.com\/wp-content\/uploads\/2021\/05\/Auto-icon-catclassicsfgarage-For-sale-color-160x160.png\" width=\"80\" height=\"80\" class=\"cq-face-avatar\" \/><h4 class=\"cq-face-title\">Venta<\/h4>Venta<\/div><\/div><div class=\"cq-face-item cq-face-right\"><div class=\"cq-face-content\"><h4 class=\"cq-face-title\">Venta<\/h4>Ofrecemos una selecci\u00f3n de cl\u00e1sicos, con una variedad de precios para clientes con diferentes presupuestos. Con la venta podemos gestionar el tramite de cambio de titularidad, ITV, matriculaci\u00f3n hist\u00f3rica y etc.<\/div><\/div><\/div><\/a><\/div>[\/vc_column][vc_column css_animation=\u00bbfadeInRight\u00bb gradient_colors=\u00bb%5B%7B%7D%5D\u00bb offset=\u00bbvc_col-lg-offset-0 vc_col-lg-4 vc_col-md-offset-3 vc_col-md-6 vc_col-sm-offset-0 vc_col-xs-12&#8243;]<div class=\"cq-twoface-box-container\" data-frontbg=\"#f6f6f6\" data-backbg=\"#f6f6f6\" data-fontcolor=\"\" data-face1=\"cq-face-left\" data-face2=\"cq-face-right\" data-cubedirection=\"rightleft\" data-cubeheight=\"340px\" data-avatarsize=\"80\" data-contentcolor=\"#000000\" data-contentsize=\"1.1em\" data-titlesize=\"1.4em\" data-contentwidth=\"70%\" data-rotatecube=\"0\" data-iconcolor=\"#000000\" data-cubemargin=\"\" data-cubewidth=\"100%\" data-frontavatar=\"image\" data-frontfullimage=\"\" data-backavatar=\"none\" data-backfullimage=\"\"><a href=\"\/restoration\/\" title=\"LEER MAS\" target=\"\" class=\"cq-twoface-link\"><div class=\"cq-twoface-box\"><div class=\"cq-face-item cq-face-left\"><div class=\"cq-face-content\"><img src=\"https:\/\/catclassicsgarage.com\/wp-content\/uploads\/2021\/05\/Auto-icon-catclassicsfgarage-Restoration-160x160.png\" width=\"80\" height=\"80\" class=\"cq-face-avatar\" \/><h4 class=\"cq-face-title\">Restauraci\u00f3n<\/h4>Nosotros cuidamos y devolvemos la vida a los cl\u00e1sicos<\/div><\/div><div class=\"cq-face-item cq-face-right\"><div class=\"cq-face-content\"><h4 class=\"cq-face-title\">Restauraci\u00f3n<\/h4>Nuestra empresa ofrece servicios de restauraci\u00f3n de alta calidad. Revisi\u00f3n mec\u00e1nica integral, reparaci\u00f3n de motores y cajas de cambios, restauraci\u00f3n...<\/div><\/div><\/div><\/a><\/div>[\/vc_column][\/vc_row][vc_row full_width=\u00bbstretch_row\u00bb gradient_colors=\u00bb%5B%7B%7D%5D\u00bb css=\u00bb.vc_custom_1585325301578{padding-top: 20px !important;padding-bottom: 50px !important;background-color: #ffffff !important;}\u00bb kswr_row_top_decor_enabled=\u00bbfalse\u00bb kswr_row_bottom_decor_enabled=\u00bbfalse\u00bb][vc_column][vc_row_inner][vc_column_inner width=\u00bb1\/6&#8243;][vc_single_image image=\u00bb10905&#8243; img_size=\u00bblarge\u00bb alignment=\u00bbcenter\u00bb][\/vc_column_inner][vc_column_inner width=\u00bb1\/6&#8243;][vc_single_image image=\u00bb10900&#8243; img_size=\u00bblarge\u00bb alignment=\u00bbcenter\u00bb][\/vc_column_inner][vc_column_inner width=\u00bb1\/6&#8243;][vc_single_image image=\u00bb10903&#8243; img_size=\u00bblarge\u00bb alignment=\u00bbcenter\u00bb][\/vc_column_inner][vc_column_inner width=\u00bb1\/6&#8243;][vc_single_image image=\u00bb10897&#8243; img_size=\u00bblarge\u00bb alignment=\u00bbcenter\u00bb][\/vc_column_inner][vc_column_inner width=\u00bb1\/6&#8243;][vc_single_image image=\u00bb10902&#8243; img_size=\u00bblarge\u00bb alignment=\u00bbcenter\u00bb][\/vc_column_inner][vc_column_inner width=\u00bb1\/6&#8243;][vc_single_image image=\u00bb10907&#8243; img_size=\u00bblarge\u00bb alignment=\u00bbcenter\u00bb][\/vc_column_inner][\/vc_row_inner][vc_row_inner][vc_column_inner width=\u00bb1\/6&#8243;][vc_single_image image=\u00bb10906&#8243; img_size=\u00bblarge\u00bb alignment=\u00bbcenter\u00bb][\/vc_column_inner][vc_column_inner width=\u00bb1\/6&#8243;][vc_single_image image=\u00bb10901&#8243; img_size=\u00bblarge\u00bb alignment=\u00bbcenter\u00bb][\/vc_column_inner][vc_column_inner width=\u00bb1\/6&#8243;][vc_single_image image=\u00bb10904&#8243; img_size=\u00bblarge\u00bb alignment=\u00bbcenter\u00bb][\/vc_column_inner][vc_column_inner width=\u00bb1\/6&#8243;][vc_single_image image=\u00bb10898&#8243; img_size=\u00bblarge\u00bb alignment=\u00bbcenter\u00bb][\/vc_column_inner][vc_column_inner width=\u00bb1\/6&#8243;][vc_single_image image=\u00bb10899&#8243; img_size=\u00bblarge\u00bb alignment=\u00bbcenter\u00bb][\/vc_column_inner][vc_column_inner width=\u00bb1\/6&#8243;][vc_single_image image=\u00bb10908&#8243; img_size=\u00bblarge\u00bb alignment=\u00bbcenter\u00bb][\/vc_column_inner][\/vc_row_inner][\/vc_column][\/vc_row]<\/p>","protected":false},"excerpt":{"rendered":"<p>[vc_row full_width=\u00bbstretch_row\u00bb ptextcolor=\u00bbBlack\u00bb gradient_colors=\u00bb%5B%7B%7D%5D\u00bb pdecor=\u00bb1&#8243; decor_height=\u00bb130&#8243; decor_points_top=\u00bb0,0 10,0 15,60 85,60 90,0 100,0&#8243; kswr_row_top_decor_enabled=\u00bbfalse\u00bb kswr_row_bottom_decor_enabled=\u00bbfalse\u00bb css=\u00bb.vc_custom_1510154385183{padding-top: 0px !important;padding-bottom: 100px !important;background-color: #ffffff !important;}\u00bb][vc_column gradient_colors=\u00bb%5B%7B%7D%5D\u00bb][vc_empty_space height=\u00bb30px\u00bb][vc_row_inner][vc_column_inner width=\u00bb1\/2&#8243; offset=\u00bbvc_col-lg-6 vc_col-md-6&#8243;][block_title title=\u00bb\u00bb titlepos=\u00bbtext-left\u00bb] En nuestra p\u00e1gina web siempre encontrara una amplia gama de recambios, accesorios y consumibles originales para cl\u00e1sicos a un precio competitivo: Seat, Renault, Citroen, Peugeot, Simca y [&hellip;]<\/p>\n","protected":false},"author":36,"featured_media":0,"parent":0,"menu_order":0,"comment_status":"closed","ping_status":"closed","template":"","meta":[],"_links":{"self":[{"href":"https:\/\/catclassicsgarage.com\/es\/wp-json\/wp\/v2\/pages\/10229"}],"collection":[{"href":"https:\/\/catclassicsgarage.com\/es\/wp-json\/wp\/v2\/pages"}],"about":[{"href":"https:\/\/catclassicsgarage.com\/es\/wp-json\/wp\/v2\/types\/page"}],"author":[{"embeddable":true,"href":"https:\/\/catclassicsgarage.com\/es\/wp-json\/wp\/v2\/users\/36"}],"replies":[{"embeddable":true,"href":"https:\/\/catclassicsgarage.com\/es\/wp-json\/wp\/v2\/comments?post=10229"}],"version-history":[{"count":0,"href":"https:\/\/catclassicsgarage.com\/es\/wp-json\/wp\/v2\/pages\/10229\/revisions"}],"wp:attachment":[{"href":"https:\/\/catclassicsgarage.com\/es\/wp-json\/wp\/v2\/media?parent=10229"}],"curies":[{"name":"wp","href":"https:\/\/api.w.org\/{rel}","templated":true}]}}