{"id":10241,"date":"2019-12-23T05:07:37","date_gmt":"2019-12-23T05:07:37","guid":{"rendered":"http:\/\/catclassicsgarage.com\/?page_id=10241"},"modified":"2021-06-01T16:20:04","modified_gmt":"2021-06-01T15:20:04","slug":"for-sale","status":"publish","type":"page","link":"https:\/\/catclassicsgarage.com\/es\/for-sale\/","title":{"rendered":"VENTA"},"content":{"rendered":"<p>[vc_row full_width=\u00bbstretch_row\u00bb ptextcolor=\u00bbBlack\u00bb gradient_colors=\u00bb%5B%7B%7D%5D\u00bb pdecor=\u00bb1&#8243; decor_height=\u00bb130&#8243; decor_points_top=\u00bb0,0 10,0 15,60 85,60 90,0 100,0&#8243; kswr_row_top_decor_enabled=\u00bbfalse\u00bb kswr_row_bottom_decor_enabled=\u00bbfalse\u00bb css=\u00bb.vc_custom_1510154385183{padding-top: 0px !important;padding-bottom: 100px !important;background-color: #ffffff !important;}\u00bb][vc_column gradient_colors=\u00bb%5B%7B%7D%5D\u00bb][vc_empty_space height=\u00bb50px\u00bb][vc_row_inner][vc_column_inner width=\u00bb1\/2&#8243; offset=\u00bbvc_col-lg-6 vc_col-md-6&#8243;][block_title title=\u00bb\u00bb titlepos=\u00bbtext-left\u00bb]<\/p>\n<p style=\"font-size: 15px; line-height: 1.4;\">Comprar de un coche cl\u00e1sico no siempre es tarea f\u00e1cil. El mercado de cl\u00e1sicos est\u00e1 saturado de ofertas, y no es sencillo decidirse, en estos casos vale la pena acudir a un profesional con experiencia que le pueda asesorar y disponga de una gama completa de coches en stock y servicios para gestionar la compraventa.<\/p>\n<p style=\"font-size: 15px; line-height: 1.4; margin-bottom: 0px;\">En Cat Clasics Garage encontrar\u00e1 todos estos servicios, y le ofrecemos una amplia gama de piezas de recambio para coches cl\u00e1sicos, as\u00ed como una selecci\u00f3n de veh\u00edculos listos para disfrutar.<\/p>\n<p style=\"font-size: 15px; line-height: 1.4; margin-bottom: 0px;\">Durante a\u00f1os de trabajo por nuestras manos han pasado gran cantidad de coches que fueron localizados restaurados y vendidos a sus nuevos propietarios. Somos una empresa profesional y transparente, cada anuncio contiene las fotos detalladas del veh\u00edculo, tambi\u00e9n presenta las caracter\u00edsticas principales del coche:<\/p>\n<p>[\/block_title][vc_column_text css=\u00bb.vc_custom_1622560138261{margin-top: 0px !important;margin-bottom: 0px !important;padding-top: 0px !important;padding-bottom: 0px !important;}\u00bb]<\/p>\n<h4 style=\"margin: 0px 0px 0px 0px;\"><img class=\"alignnone\" style=\"width: 40px; margin-right: 30px;\" src=\"\/wp-content\/uploads\/2021\/06\/Star-icon-catclassicsfgarage.png\" alt=\"\" \/> <strong>A\u00f1o de producci\u00f3n, estado, kilometraje, color y etc.<\/strong><\/h4>\n<p>[\/vc_column_text][vc_column_text css=\u00bb.vc_custom_1622560171102{margin-top: 0px !important;margin-bottom: 0px !important;padding-top: 0px !important;padding-bottom: 0px !important;}\u00bb]<\/p>\n<h4 style=\"margin: 10px 0px 0px 0px;\"><img class=\"alignleft\" style=\"width: 40px; margin-right: 30px;\" src=\"\/wp-content\/uploads\/2021\/06\/Star-icon-catclassicsfgarage.png\" alt=\"\" \/> <strong>Condici\u00f3n y configuraci\u00f3n<\/strong><\/h4>\n<p style=\"font-size: 15px; line-height: 1.4; margin-bottom: 10px;\">(por ejemplo, despu\u00e9s de una restauraci\u00f3n completa) de todo el coche y sus partes individuales (carrocer\u00eda, chasis, interior, neum\u00e1ticos, motor).<\/p>\n<p>[\/vc_column_text][vc_column_text css=\u00bb.vc_custom_1622560221117{margin-top: 0px !important;margin-bottom: 0px !important;padding-top: 0px !important;padding-bottom: 0px !important;}\u00bb]<\/p>\n<h4 style=\"margin: 20px 0px 0px;\"><img class=\"alignnone\" style=\"width: 40px; margin-right: 30px;\" src=\"\/wp-content\/uploads\/2021\/06\/Star-icon-catclassicsfgarage.png\" alt=\"\" \/><strong>Breve descripci\u00f3n, detalles, y peculiaridades <\/strong><\/h4>\n<p style=\"font-size: 15px; line-height: 1.4; margin-bottom: 10px; padding-left: 70px;\">del interior piezas substituidas, etc. Si te gusta alg\u00fan coche, rellene el siguiente formulario para contactar con nosotros.<\/p>\n<p>[\/vc_column_text][\/vc_column_inner][vc_column_inner width=\u00bb1\/2&#8243; offset=\u00bbvc_col-lg-6 vc_col-md-6&#8243;][vc_single_image image=\u00bb10521&#8243; img_size=\u00bbfull\u00bb alignment=\u00bbright\u00bb css=\u00bb.vc_custom_1622547901679{margin-top: 0px !important;margin-right: 0px !important;margin-bottom: 0px !important;margin-left: 0px !important;padding-top: 0px !important;padding-right: 0px !important;padding-bottom: 0px !important;padding-left: 0px !important;}\u00bb][\/vc_column_inner][\/vc_row_inner][vc_row_inner][vc_column_inner width=\u00bb1\/2&#8243; offset=\u00bbvc_col-lg-6 vc_col-md-6&#8243; css=\u00bb.vc_custom_1622553350206{padding-right: 50px !important;}\u00bb][vc_empty_space height=\u00bb40px\u00bb][block_title title=\u00bb\u00bb titlepos=\u00bbtext-left\u00bb]<\/p>\n<p style=\"font-size: 15px; line-height: 1.4; padding-bottom: 0px;\">Cat Classics Garage le ofrece las condiciones m\u00e1s c\u00f3modas y ventajosas para la compra de un coche cl\u00e1sico. Las principales ventajas son las siguientes:<\/p>\n<h4 style=\"margin: 20px 0px 0px;\"><img class=\"alignnone\" style=\"width: 40px; margin-right: 30px;\" src=\"\/wp-content\/uploads\/2021\/06\/Star-icon-catclassicsfgarage.png\" alt=\"\" \/><strong>Presupuestos gratuitos<\/strong><\/h4>\n<p style=\"font-size: 15px; line-height: 1.4; margin-bottom: 10px; padding-left: 70px;\">sobre la reparaci\u00f3n y restauraci\u00f3n de su veh\u00edculo.<\/p>\n<h4 style=\"margin: 20px 0px 0px;\"><img class=\"alignnone\" style=\"width: 40px; margin-right: 30px;\" src=\"\/wp-content\/uploads\/2021\/06\/Star-icon-catclassicsfgarage.png\" alt=\"\" \/><strong>En nuestra web puede encontrar<\/strong><\/h4>\n<p style=\"font-size: 15px; line-height: 1.4; margin-bottom: 10px; padding-left: 70px;\">una amplia gama de piezas de repuesto con la posibilidad de entregarlas en cualquier parte del mundo en el menor tiempo posible.<\/p>\n<h4 style=\"margin: 20px 0px 0px;\"><img class=\"alignnone\" style=\"width: 40px; margin-right: 30px;\" src=\"\/wp-content\/uploads\/2021\/06\/Star-icon-catclassicsfgarage.png\" alt=\"\" \/><strong>Diagn\u00f3stico preventa<\/strong><\/h4>\n<h4 style=\"margin: 20px 0px 0px;\"><img class=\"alignnone\" style=\"width: 40px; margin-right: 30px;\" src=\"\/wp-content\/uploads\/2021\/06\/Star-icon-catclassicsfgarage.png\" alt=\"\" \/><strong>Servicio de mantenimiento<\/strong><\/h4>\n<p style=\"font-size: 15px; line-height: 1.4; margin-bottom: 10px; padding-left: 70px;\">del veh\u00edculo con la calidad asegurada.<\/p>\n<h4 style=\"margin: 20px 0px 0px;\"><img class=\"alignnone\" style=\"width: 40px; margin-right: 30px;\" src=\"\/wp-content\/uploads\/2021\/06\/Star-icon-catclassicsfgarage.png\" alt=\"\" \/><strong>Precios asequibles con posibilidad<\/strong><\/h4>\n<p style=\"font-size: 15px; line-height: 1.4; margin-bottom: 10px; padding-left: 70px;\">de elegir una forma de pago mas le convenga.<\/p>\n<p>[\/block_title][\/vc_column_inner][vc_column_inner width=\u00bb1\/2&#8243; offset=\u00bbvc_col-lg-6 vc_col-md-6&#8243; css=\u00bb.vc_custom_1622553359674{padding-left: 50px !important;}\u00bb][vc_empty_space height=\u00bb40px\u00bb][block_title title=\u00bb\u00bb titlepos=\u00bbtext-left\u00bb]<\/p>\n<p style=\"font-size: 15px; line-height: 1.4;\">Tambi\u00e9n cabe destacar que la empresa le ofrece una gama completa de servicios para la venta y mantenimiento de coches cl\u00e1sicos. Soporte tanto t\u00e9cnico como legal. Incluye:<\/p>\n<h4 style=\"margin: 20px 0px 0px;\"><img class=\"alignnone\" style=\"width: 40px; margin-right: 30px;\" src=\"\/wp-content\/uploads\/2021\/06\/Star-icon-catclassicsfgarage.png\" alt=\"\" \/><strong>Revisi\u00f3n de los veh\u00edculos antes de su venta<\/strong><\/h4>\n<h4 style=\"margin: 20px 0px 0px;\"><img class=\"alignnone\" style=\"width: 40px; margin-right: 30px;\" src=\"\/wp-content\/uploads\/2021\/06\/Star-icon-catclassicsfgarage.png\" alt=\"\" \/><strong>Entrega del coche en el punto donde usted diga<\/strong><\/h4>\n<h4 style=\"margin: 20px 0px 0px;\"><img class=\"alignnone\" style=\"width: 40px; margin-right: 30px;\" src=\"\/wp-content\/uploads\/2021\/06\/Star-icon-catclassicsfgarage.png\" alt=\"\" \/><strong>El despacho de aduanas si fuera necesario<\/strong><\/h4>\n<h4 style=\"margin: 20px 0px 0px;\"><img class=\"alignnone\" style=\"width: 40px; margin-right: 30px;\" src=\"\/wp-content\/uploads\/2021\/06\/Star-icon-catclassicsfgarage.png\" alt=\"\" \/><strong>Certificaci\u00f3n de autenticidad, equipamiento<\/strong><\/h4>\n<p style=\"font-size: 15px; line-height: 1.4; margin-bottom: 10px; padding-left: 70px;\">y otras caracter\u00edsticas<\/p>\n<h4 style=\"margin: 20px 0px 0px;\"><img class=\"alignnone\" style=\"width: 40px; margin-right: 30px;\" src=\"\/wp-content\/uploads\/2021\/06\/Star-icon-catclassicsfgarage.png\" alt=\"\" \/><strong>Registro de toda la documentaci\u00f3n<\/strong><\/h4>\n<p style=\"font-size: 15px; line-height: 1.4; margin-bottom: 10px; padding-left: 70px;\">necesaria y en particular los contratos de venta para los compradores nacionales y ciudadanos de otros pa\u00edses.<\/p>\n<p>[\/block_title][\/vc_column_inner][\/vc_row_inner][\/vc_column][\/vc_row][vc_row full_width=\u00bbstretch_row\u00bb pix_gap=\u00bbdisable\u00bb gradient_colors=\u00bb%5B%7B%7D%5D\u00bb css=\u00bb.vc_custom_1509965175183{padding-top: 0px !important;padding-bottom: 125px !important;background-color: #ffffff !important;}\u00bb kswr_row_top_decor_enabled=\u00bbfalse\u00bb kswr_row_bottom_decor_enabled=\u00bbfalse\u00bb][vc_column css_animation=\u00bbfadeInLeft\u00bb gradient_colors=\u00bb%5B%7B%7D%5D\u00bb offset=\u00bbvc_col-lg-offset-0 vc_col-lg-4 vc_col-md-offset-3 vc_col-md-6 vc_col-sm-offset-0 vc_col-xs-12&#8243;]<div class=\"cq-twoface-box-container\" data-frontbg=\"#f6f6f6\" data-backbg=\"#f6f6f6\" data-fontcolor=\"\" data-face1=\"cq-face-left\" data-face2=\"cq-face-right\" data-cubedirection=\"rightleft\" data-cubeheight=\"340px\" data-avatarsize=\"80\" data-contentcolor=\"#000000\" data-contentsize=\"1.1em\" data-titlesize=\"1.4em\" data-contentwidth=\"70%\" data-rotatecube=\"0\" data-iconcolor=\"#000000\" data-cubemargin=\"\" data-cubewidth=\"100%\" data-frontavatar=\"image\" data-frontfullimage=\"\" data-backavatar=\"none\" data-backfullimage=\"\"><a href=\"\/spare-parts\/\" title=\"LEER MAS\" target=\"\" class=\"cq-twoface-link\"><div class=\"cq-twoface-box\"><div class=\"cq-face-item cq-face-left\"><div class=\"cq-face-content\"><img src=\"https:\/\/catclassicsgarage.com\/wp-content\/uploads\/2021\/05\/Auto-icon-catclassicsfgarage-Spare-parts-160x160.png\" width=\"80\" height=\"80\" class=\"cq-face-avatar\" \/><h4 class=\"cq-face-title\">Recambios<\/h4>Vendemos recambios necesarios para mantener tu cl\u00e1sico en buena forma.<\/div><\/div><div class=\"cq-face-item cq-face-right\"><div class=\"cq-face-content\"><h4 class=\"cq-face-title\">Recambios<\/h4>Disponemos de recambios originales de la \u00e9poca, multimarca, procedentes de antiguos stocks especializados. Ofrecemos cat\u00e1logos y revistas nacionales.<\/div><\/div><\/div><\/a><\/div>[\/vc_column][vc_column css_animation=\u00bbfadeInUp\u00bb gradient_colors=\u00bb%5B%7B%7D%5D\u00bb offset=\u00bbvc_col-lg-offset-0 vc_col-lg-4 vc_col-md-offset-3 vc_col-md-6 vc_col-sm-offset-0 vc_col-xs-12&#8243;]<div class=\"cq-twoface-box-container\" data-frontbg=\"#fcfcfc\" data-backbg=\"#fcfcfc\" data-fontcolor=\"\" data-face1=\"cq-face-left\" data-face2=\"cq-face-right\" data-cubedirection=\"rightleft\" data-cubeheight=\"340px\" data-avatarsize=\"80\" data-contentcolor=\"#000000\" data-contentsize=\"1.1em\" data-titlesize=\"1.4em\" data-contentwidth=\"70%\" data-rotatecube=\"0\" data-iconcolor=\"#ecba00\" data-cubemargin=\"\" data-cubewidth=\"100%\" data-frontavatar=\"image\" data-frontfullimage=\"\" data-backavatar=\"none\" data-backfullimage=\"\"><a href=\"\/for-sale\/\" title=\"LEER MAS\" target=\"\" class=\"cq-twoface-link\"><div class=\"cq-twoface-box\"><div class=\"cq-face-item cq-face-left\"><div class=\"cq-face-content\"><img src=\"https:\/\/catclassicsgarage.com\/wp-content\/uploads\/2021\/05\/Auto-icon-catclassicsfgarage-For-sale-color-160x160.png\" width=\"80\" height=\"80\" class=\"cq-face-avatar\" \/><h4 class=\"cq-face-title\">Venta<\/h4>Venta<\/div><\/div><div class=\"cq-face-item cq-face-right\"><div class=\"cq-face-content\"><h4 class=\"cq-face-title\">Venta<\/h4>Ofrecemos una selecci\u00f3n de cl\u00e1sicos, con una variedad de precios para clientes con diferentes presupuestos. Con la venta podemos gestionar el tramite de cambio de titularidad, ITV, matriculaci\u00f3n hist\u00f3rica y etc.<\/div><\/div><\/div><\/a><\/div>[\/vc_column][vc_column css_animation=\u00bbfadeInRight\u00bb gradient_colors=\u00bb%5B%7B%7D%5D\u00bb offset=\u00bbvc_col-lg-offset-0 vc_col-lg-4 vc_col-md-offset-3 vc_col-md-6 vc_col-sm-offset-0 vc_col-xs-12&#8243;]<div class=\"cq-twoface-box-container\" data-frontbg=\"#f6f6f6\" data-backbg=\"#f6f6f6\" data-fontcolor=\"\" data-face1=\"cq-face-left\" data-face2=\"cq-face-right\" data-cubedirection=\"rightleft\" data-cubeheight=\"340px\" data-avatarsize=\"80\" data-contentcolor=\"#000000\" data-contentsize=\"1.1em\" data-titlesize=\"1.4em\" data-contentwidth=\"70%\" data-rotatecube=\"0\" data-iconcolor=\"#000000\" data-cubemargin=\"\" data-cubewidth=\"100%\" data-frontavatar=\"image\" data-frontfullimage=\"\" data-backavatar=\"none\" data-backfullimage=\"\"><a href=\"\/restoration\/\" title=\"LEER MAS\" target=\"\" class=\"cq-twoface-link\"><div class=\"cq-twoface-box\"><div class=\"cq-face-item cq-face-left\"><div class=\"cq-face-content\"><img src=\"https:\/\/catclassicsgarage.com\/wp-content\/uploads\/2021\/05\/Auto-icon-catclassicsfgarage-Restoration-160x160.png\" width=\"80\" height=\"80\" class=\"cq-face-avatar\" \/><h4 class=\"cq-face-title\">Restauraci\u00f3n<\/h4>Nosotros cuidamos y devolvemos la vida a los cl\u00e1sicos<\/div><\/div><div class=\"cq-face-item cq-face-right\"><div class=\"cq-face-content\"><h4 class=\"cq-face-title\">Restauraci\u00f3n<\/h4>Nuestra empresa ofrece servicios de restauraci\u00f3n de alta calidad. Revisi\u00f3n mec\u00e1nica integral, reparaci\u00f3n de motores y cajas de cambios, restauraci\u00f3n...<\/div><\/div><\/div><\/a><\/div>[\/vc_column][\/vc_row][vc_row full_width=\u00bbstretch_row\u00bb gradient_colors=\u00bb%5B%7B%7D%5D\u00bb css=\u00bb.vc_custom_1585325301578{padding-top: 20px !important;padding-bottom: 50px !important;background-color: #ffffff !important;}\u00bb kswr_row_top_decor_enabled=\u00bbfalse\u00bb kswr_row_bottom_decor_enabled=\u00bbfalse\u00bb][vc_column][vc_row_inner][vc_column_inner width=\u00bb1\/6&#8243;][vc_single_image image=\u00bb10905&#8243; img_size=\u00bblarge\u00bb alignment=\u00bbcenter\u00bb][\/vc_column_inner][vc_column_inner width=\u00bb1\/6&#8243;][vc_single_image image=\u00bb10900&#8243; img_size=\u00bblarge\u00bb alignment=\u00bbcenter\u00bb][\/vc_column_inner][vc_column_inner width=\u00bb1\/6&#8243;][vc_single_image image=\u00bb10903&#8243; img_size=\u00bblarge\u00bb alignment=\u00bbcenter\u00bb][\/vc_column_inner][vc_column_inner width=\u00bb1\/6&#8243;][vc_single_image image=\u00bb10897&#8243; img_size=\u00bblarge\u00bb alignment=\u00bbcenter\u00bb][\/vc_column_inner][vc_column_inner width=\u00bb1\/6&#8243;][vc_single_image image=\u00bb10902&#8243; img_size=\u00bblarge\u00bb alignment=\u00bbcenter\u00bb][\/vc_column_inner][vc_column_inner width=\u00bb1\/6&#8243;][vc_single_image image=\u00bb10907&#8243; img_size=\u00bblarge\u00bb alignment=\u00bbcenter\u00bb][\/vc_column_inner][\/vc_row_inner][vc_row_inner][vc_column_inner width=\u00bb1\/6&#8243;][vc_single_image image=\u00bb10906&#8243; img_size=\u00bblarge\u00bb alignment=\u00bbcenter\u00bb][\/vc_column_inner][vc_column_inner width=\u00bb1\/6&#8243;][vc_single_image image=\u00bb10901&#8243; img_size=\u00bblarge\u00bb alignment=\u00bbcenter\u00bb][\/vc_column_inner][vc_column_inner width=\u00bb1\/6&#8243;][vc_single_image image=\u00bb10904&#8243; img_size=\u00bblarge\u00bb alignment=\u00bbcenter\u00bb][\/vc_column_inner][vc_column_inner width=\u00bb1\/6&#8243;][vc_single_image image=\u00bb10898&#8243; img_size=\u00bblarge\u00bb alignment=\u00bbcenter\u00bb][\/vc_column_inner][vc_column_inner width=\u00bb1\/6&#8243;][vc_single_image image=\u00bb10899&#8243; img_size=\u00bblarge\u00bb alignment=\u00bbcenter\u00bb][\/vc_column_inner][vc_column_inner width=\u00bb1\/6&#8243;][vc_single_image image=\u00bb10908&#8243; img_size=\u00bblarge\u00bb alignment=\u00bbcenter\u00bb][\/vc_column_inner][\/vc_row_inner][\/vc_column][\/vc_row]<\/p>","protected":false},"excerpt":{"rendered":"<p>[vc_row full_width=\u00bbstretch_row\u00bb ptextcolor=\u00bbBlack\u00bb gradient_colors=\u00bb%5B%7B%7D%5D\u00bb pdecor=\u00bb1&#8243; decor_height=\u00bb130&#8243; decor_points_top=\u00bb0,0 10,0 15,60 85,60 90,0 100,0&#8243; kswr_row_top_decor_enabled=\u00bbfalse\u00bb kswr_row_bottom_decor_enabled=\u00bbfalse\u00bb css=\u00bb.vc_custom_1510154385183{padding-top: 0px !important;padding-bottom: 100px !important;background-color: #ffffff !important;}\u00bb][vc_column gradient_colors=\u00bb%5B%7B%7D%5D\u00bb][vc_empty_space height=\u00bb50px\u00bb][vc_row_inner][vc_column_inner width=\u00bb1\/2&#8243; offset=\u00bbvc_col-lg-6 vc_col-md-6&#8243;][block_title title=\u00bb\u00bb titlepos=\u00bbtext-left\u00bb] Comprar de un coche cl\u00e1sico no siempre es tarea f\u00e1cil. El mercado de cl\u00e1sicos est\u00e1 saturado de ofertas, y no es sencillo decidirse, en estos casos vale [&hellip;]<\/p>\n","protected":false},"author":36,"featured_media":0,"parent":0,"menu_order":0,"comment_status":"closed","ping_status":"closed","template":"","meta":[],"_links":{"self":[{"href":"https:\/\/catclassicsgarage.com\/es\/wp-json\/wp\/v2\/pages\/10241"}],"collection":[{"href":"https:\/\/catclassicsgarage.com\/es\/wp-json\/wp\/v2\/pages"}],"about":[{"href":"https:\/\/catclassicsgarage.com\/es\/wp-json\/wp\/v2\/types\/page"}],"author":[{"embeddable":true,"href":"https:\/\/catclassicsgarage.com\/es\/wp-json\/wp\/v2\/users\/36"}],"replies":[{"embeddable":true,"href":"https:\/\/catclassicsgarage.com\/es\/wp-json\/wp\/v2\/comments?post=10241"}],"version-history":[{"count":0,"href":"https:\/\/catclassicsgarage.com\/es\/wp-json\/wp\/v2\/pages\/10241\/revisions"}],"wp:attachment":[{"href":"https:\/\/catclassicsgarage.com\/es\/wp-json\/wp\/v2\/media?parent=10241"}],"curies":[{"name":"wp","href":"https:\/\/api.w.org\/{rel}","templated":true}]}}