{"id":9684,"date":"2019-11-15T15:14:54","date_gmt":"2019-11-15T15:14:54","guid":{"rendered":"http:\/\/catclassicsgarage.com\/?page_id=9684"},"modified":"2021-05-21T11:25:59","modified_gmt":"2021-05-21T10:25:59","slug":"about-us","status":"publish","type":"page","link":"https:\/\/catclassicsgarage.com\/es\/about-us\/","title":{"rendered":"Sobre nosotros"},"content":{"rendered":"<p><\/p>\n<p>[vc_row full_width=\u00bbstretch_row\u00bb ptextcolor=\u00bbBlack\u00bb gradient_colors=\u00bb%5B%7B%7D%5D\u00bb pdecor=\u00bb1&#8243; decor_height=\u00bb130&#8243; decor_points_top=\u00bb0,0 10,0 15,60 85,60 90,0 100,0&#8243; kswr_row_top_decor_enabled=\u00bbfalse\u00bb kswr_row_bottom_decor_enabled=\u00bbfalse\u00bb css=\u00bb.vc_custom_1510154385183{padding-top: 0px !important;padding-bottom: 100px !important;background-color: #ffffff !important;}\u00bb][vc_column gradient_colors=\u00bb%5B%7B%7D%5D\u00bb][vc_empty_space height=\u00bb50px\u00bb][vc_row_inner][vc_column_inner width=\u00bb1\/2&#8243; offset=\u00bbvc_col-lg-6 vc_col-md-6&#8243;][block_title title=\u00bb\u00bb titlepos=\u00bbtext-left\u00bb]<\/p>\n<h4 style=\"font-size: 18px; font-wieght: 700;\"><strong>Sobre Cat Classics Garage<\/strong><\/h4>\n<h3 style=\"font-size: 24px; font-wieght: 700;\"><strong>\u00a1Visitados por muchos compradores de cl\u00e1sicos cada mes!<\/strong><\/h3>\n<p style=\"font-size: 15px; line-height: 1.4;\">No es sorprendente que hoy en d\u00eda haya una gran cantidad de coleccionistas y amantes de los coches cl\u00e1sicos americanos y europeos, estos veh\u00edculos tienen un esp\u00edritu y estilo \u00fanico. Si tiene debilidad por los cl\u00e1sicos y ha decidido comprarse uno, entonces es hora de acudir a los profesionales de nuestra empresa.<\/p>\n<p style=\"font-size: 15px; line-height: 1.4; margin-bottom: 0px;\">Estamos trabajando en la busca, transporte, y despacho de aduanas de autom\u00f3viles cl\u00e1sicos procedentes de fuera de la Uni\u00f3n Europea, as\u00ed como de su venta. En caso necesario ofrecemos a nuestros clientes los servicios de restauraci\u00f3n consistentes en la reparaci\u00f3n mec\u00e1nica, tapicer\u00eda, plancha y pintura, adem\u00e1s nos dedicamos a la gesti\u00f3n de toda la documentaci\u00f3n necesaria para su homologaci\u00f3n o matriculaci\u00f3n como hist\u00f3rico.<\/p>\n<p>[\/block_title][vc_column_text css=\u00bb.vc_custom_1621592243924{margin-top: 0px !important;margin-bottom: 0px !important;padding-top: 0px !important;padding-bottom: 0px !important;}\u00bb]<\/p>\n<h4><img class=\"alignnone\" style=\"width: 50px; margin-right: 10px;\" src=\"\/wp-content\/uploads\/2021\/05\/017-maintenance-3.png\" alt=\"\" \/> <strong> Precios de Cl\u00e1sicos Asequibles <\/strong><\/h4>\n<p>[\/vc_column_text][vc_column_text css=\u00bb.vc_custom_1621592265631{margin-top: 0px !important;margin-bottom: 0px !important;padding-top: 0px !important;padding-bottom: 0px !important;}\u00bb]<\/p>\n<h4><img class=\"alignnone\" style=\"width: 50px; margin-right: 10px;\" src=\"\/wp-content\/uploads\/2021\/05\/014-maintenance.png\" alt=\"\" \/> <strong> Mas de 10 A\u00f1os en el Negocio <\/strong><\/h4>\n<p>[\/vc_column_text][vc_column_text css=\u00bb.vc_custom_1621592287367{margin-top: 0px !important;margin-bottom: 0px !important;padding-top: 0px !important;padding-bottom: 0px !important;}\u00bb]<\/p>\n<h4><img class=\"alignnone\" style=\"width: 50px; margin-right: 10px;\" src=\"\/wp-content\/uploads\/2021\/05\/037-car-11.png\" alt=\"\" \/> <strong> Experiencia en la Restauraci\u00f3n <\/strong><\/h4>\n<p>[\/vc_column_text][\/vc_column_inner][vc_column_inner width=\u00bb1\/2&#8243; offset=\u00bbvc_col-lg-6 vc_col-md-6&#8243;][vc_single_image image=\u00bb10367&#8243; img_size=\u00bbfull\u00bb alignment=\u00bbright\u00bb css=\u00bb.vc_custom_1621558974049{margin-top: 0px !important;margin-right: 0px !important;margin-bottom: 0px !important;margin-left: 0px !important;padding-top: 0px !important;padding-right: 0px !important;padding-bottom: 0px !important;padding-left: 0px !important;}\u00bb][\/vc_column_inner][\/vc_row_inner][vc_row_inner][vc_column_inner width=\u00bb1\/2&#8243; offset=\u00bbvc_col-lg-6 vc_col-md-6&#8243;][block_title title=\u00bb\u00bb titlepos=\u00bbtext-left\u00bb]<\/p>\n<p style=\"font-size: 15px; line-height: 1.4;\">Damos a nuestros clientes garant\u00edas de que el autom\u00f3vil es original, presentamos la informaci\u00f3n sobre su condici\u00f3n t\u00e9cnica y tambi\u00e9n intentamos recopilar en lo posible la informaci\u00f3n sobre su historial.<\/p>\n<p style=\"font-size: 15px; line-height: 1.4; margin-bottom: 0px;\">Con nuestra empresa, no solo podr\u00e1 comprar un autom\u00f3vil cl\u00e1sico, sino tambi\u00e9n optar por las marcas de autom\u00f3viles americanos y europeos que le interesan y elegir la opci\u00f3n perfecta para usted.<\/p>\n<p>[\/block_title][\/vc_column_inner][vc_column_inner width=\u00bb1\/2&#8243; offset=\u00bbvc_col-lg-6 vc_col-md-6&#8243;][block_title title=\u00bb\u00bb titlepos=\u00bbtext-left\u00bb]<\/p>\n<p style=\"font-size: 15px; line-height: 1.4;\">Le buscaremos y traeremos por encargo el cl\u00e1sico que desee. Al momento de realizar su pedido le proporcionaremos un presupuesto completo del coste de transporte y transacci\u00f3n conforme a los tr\u00e1mites legales.<\/p>\n<p style=\"font-size: 15px; line-height: 1.4; margin-bottom: 0px;\">\u00a1La calidad, la fiabilidad y un enfoque individual para cada cliente son los principales fundamentos en los que se basa el trabajo de nuestra empresa!<\/p>\n<p>[\/block_title][\/vc_column_inner][\/vc_row_inner][\/vc_column][\/vc_row][vc_row full_width=\u00bbstretch_row_content_no_spaces\u00bb gap=\u00bb10&#8243; content_placement=\u00bbtop\u00bb ptextcolor=\u00bbBlack\u00bb gradient_colors=\u00bb%5B%7B%7D%5D\u00bb pdecor=\u00bb1&#8243; decor_height=\u00bb130&#8243; decor_points_top=\u00bb0,0 10,0 15,60 85,60 90,0 100,0&#8243; kswr_row_top_decor_enabled=\u00bbfalse\u00bb kswr_row_bottom_decor_enabled=\u00bbfalse\u00bb css=\u00bb.vc_custom_1621461981792{padding-top: 0px !important;padding-bottom: 100px !important;background-color: #ffffff !important;}\u00bb][vc_column gradient_colors=\u00bb%5B%7B%7D%5D\u00bb][vc_column_text]<\/p>\n<h1 style=\"text-align: center; font-size: 48px; font-weight: bold;\">Galer\u00eda <span style=\"color: #ecba00;\"> de fotos\u00a0 <\/span><\/h1>\n<p>[\/vc_column_text][vc_text_separator title=\u00bbIM\u00c1GENES DE VEH\u00cdCULOS QUE TENEMOS\u00bb color=\u00bbcustom\u00bb accent_color=\u00bb#ecba00&#8243; css=\u00bb.vc_custom_1621592457853{margin-top: 30px !important;margin-bottom: 10px !important;}\u00bb][vc_empty_space height=\u00bb50px\u00bb][vc_row_inner content_placement=\u00bbmiddle\u00bb gap=\u00bb1&#8243; gradient_colors=\u00bb%5B%7B%7D%5D\u00bb css=\u00bb.vc_custom_1621499307489{margin-top: 0px !important;margin-right: 0px !important;margin-bottom: 0px !important;margin-left: 0px !important;padding-top: 0px !important;padding-right: 0px !important;padding-bottom: 0px !important;padding-left: 0px !important;}\u00bb][vc_column_inner width=\u00bb1\/5&#8243; offset=\u00bbvc_col-lg-1\/5 vc_col-md-1\/5&#8243;]<div class=\"cq-dagallery-container\" style=\"width:100%;margin:0 auto;\"><ul class=\"cq-dagallery\" data-gallerywidth=\"100%\" data-width=\"340px\" data-height=\"250px\" data-color=\"#ffffff\" data-background=\"#000000\" data-opacity=\"0.7\"><li class=\"\" data-width=\"340px\" data-height=\"250px\" data-margin=\"0px\" style=\"margin:0px\"><a href='\/autos\/ferrari-mondial-cabrio\/' target='_self'><img src='https:\/\/catclassicsgarage.com\/wp-content\/uploads\/2020\/02\/ferrari-mondial-cabri-1988-01-667x500.jpg' width='340px' height='250px' alt='' \/><\/a><div class=\"dagallery-info\" style=\"padding:150px 5px 0px 20px;color:#ffffff;background-color:#000000\"><h3>Ferrari<\/h3><p>Mondial Cabrio 1988<\/p><\/div><\/li><\/ul><\/div>[\/vc_column_inner][vc_column_inner width=\u00bb1\/5&#8243; offset=\u00bbvc_col-lg-1\/5 vc_col-md-1\/5&#8243;]<div class=\"cq-dagallery-container\" style=\"width:100%;margin:0 auto;\"><ul class=\"cq-dagallery\" data-gallerywidth=\"100%\" data-width=\"340px\" data-height=\"250px\" data-color=\"#ffffff\" data-background=\"#000000\" data-opacity=\"0.7\"><li class=\"\" data-width=\"340px\" data-height=\"250px\" data-margin=\"0px\" style=\"margin:0px\"><a href='\/autos\/ford-sierra-rs-cosworth\/' target='_self'><img src='https:\/\/catclassicsgarage.com\/wp-content\/uploads\/2020\/02\/ford-sierra-rs-cosworth-cover-667x500.jpg' width='340px' height='250px' alt='' \/><\/a><div class=\"dagallery-info\" style=\"padding:150px 5px 0px 20px;color:#ffffff;background-color:#000000\"><h3>Ford<\/h3><p>Sierra RS Cosworth 1987<\/p><\/div><\/li><\/ul><\/div>[\/vc_column_inner][vc_column_inner width=\u00bb1\/5&#8243; offset=\u00bbvc_col-lg-1\/5 vc_col-md-1\/5&#8243;]<div class=\"cq-dagallery-container\" style=\"width:100%;margin:0 auto;\"><ul class=\"cq-dagallery\" data-gallerywidth=\"100%\" data-width=\"340px\" data-height=\"250px\" data-color=\"#ffffff\" data-background=\"#000000\" data-opacity=\"0.7\"><li class=\"\" data-width=\"340px\" data-height=\"250px\" data-margin=\"0px\" style=\"margin:0px\"><a href='\/autos\/porsche-911-sc-targa\/' target='_self'><img src='https:\/\/catclassicsgarage.com\/wp-content\/uploads\/2020\/08\/P911_targa_06-667x500.jpg' width='340px' height='250px' alt='' \/><\/a><div class=\"dagallery-info\" style=\"padding:150px 5px 0px 20px;color:#ffffff;background-color:#000000\"><h3>Porsche<\/h3><p>911 SC Targa 1979<\/p><\/div><\/li><\/ul><\/div>[\/vc_column_inner][vc_column_inner width=\u00bb1\/5&#8243; offset=\u00bbvc_col-lg-1\/5 vc_col-md-1\/5&#8243;]<div class=\"cq-dagallery-container\" style=\"width:100%;margin:0 auto;\"><ul class=\"cq-dagallery\" data-gallerywidth=\"100%\" data-width=\"340px\" data-height=\"250px\" data-color=\"#ffffff\" data-background=\"#000000\" data-opacity=\"0.7\"><li class=\"\" data-width=\"340px\" data-height=\"250px\" data-margin=\"0px\" style=\"margin:0px\"><a href='\/autos\/volkswagen-golf-rallye\/' target='_self'><img src='https:\/\/catclassicsgarage.com\/wp-content\/uploads\/2020\/02\/volkswagen-golf-rallye-02-667x500.jpg' width='340px' height='250px' alt='' \/><\/a><div class=\"dagallery-info\" style=\"padding:150px 5px 0px 20px;color:#ffffff;background-color:#000000\"><h3>Volkswagen<\/h3><p>Golf Rallye 1991<\/p><\/div><\/li><\/ul><\/div>[\/vc_column_inner][vc_column_inner width=\u00bb1\/5&#8243; offset=\u00bbvc_col-lg-1\/5 vc_col-md-1\/5&#8243;]<div class=\"cq-dagallery-container\" style=\"width:100%;margin:0 auto;\"><ul class=\"cq-dagallery\" data-gallerywidth=\"100%\" data-width=\"340px\" data-height=\"250px\" data-color=\"#ffffff\" data-background=\"#000000\" data-opacity=\"0.7\"><li class=\"\" data-width=\"340px\" data-height=\"250px\" data-margin=\"0px\" style=\"margin:0px\"><a href='\/autos\/renault-20-tx\/' target='_self'><img src='https:\/\/catclassicsgarage.com\/wp-content\/uploads\/2020\/02\/Renault-Model-20-TX-1982-01-667x500.jpg' width='340px' height='250px' alt='' \/><\/a><div class=\"dagallery-info\" style=\"padding:150px 5px 0px 20px;color:#ffffff;background-color:#000000\"><h3>Renault<\/h3><p>20 TX 1982<\/p><\/div><\/li><\/ul><\/div>[\/vc_column_inner][\/vc_row_inner][vc_empty_space height=\u00bb50px\u00bb][\/vc_column][\/vc_row][vc_row][vc_column]<div style=\"width:;\" class=\"cqtooltip-wrapper \" data-opacity=\"1\" data-tooltipanimation=\"grow\" data-tooltipstyle=\"shadow\" data-trigger=\"\" data-maxwidth=\"240\" data-marginoffset=\"\" data-isdisplayall=\"off\" data-displayednum=\"1\"><img src=\"https:\/\/catclassicsgarage.com\/wp-content\/uploads\/2019\/12\/cars-hot-spot-image1-scaled.jpg\" alt=\"\" \/><div class=\"cq-hotspots\"><div class=\"hotspot-item  \" style=\"top:55%;left:30%;\" data-top=\"55%\" data-left=\"30%\"><a href=\"#\" class=\"cq-tooltip\" style=\"background-color:rgba(0,0,0,0.8);\" data-iconbg=\"rgba(0,0,0,0.8)\" data-tooltip=\"\n&lt;strong&gt;Porsche 911 &lt;\/strong&gt;&lt;br \/&gt;\ntype 964 carrera 4 year 1991\" data-arrowposition=\"\"><span style=\"background:#ffffff;\"><\/span><\/a><\/div><div class=\"hotspot-item  \" style=\"top:35%;left:40%;\" data-top=\"35%\" data-left=\"40%\"><a href=\"#\" class=\"cq-tooltip\" style=\"background-color:rgba(0,0,0,0.8);\" data-iconbg=\"rgba(0,0,0,0.8)\" data-tooltip=\"\n&lt;strong&gt;Porsche 911 &lt;\/strong&gt;&lt;br \/&gt;\ntype 964 carrera 2 year 1990\" data-arrowposition=\"top\"><span style=\"background:#ffffff;\"><\/span><\/a><\/div><div class=\"hotspot-item  \" style=\"top:35%;left:50%;\" data-top=\"35%\" data-left=\"50%\"><a href=\"#\" class=\"cq-tooltip\" style=\"background-color:rgba(0,0,0,0.8);\" data-iconbg=\"rgba(0,0,0,0.8)\" data-tooltip=\"\n&lt;strong&gt;Ferrari 458 Italia &lt;\/strong&gt;&lt;br \/&gt;\nyear 2015\" data-arrowposition=\"top\"><span style=\"background:#ffffff;\"><\/span><\/a><\/div><div class=\"hotspot-item  \" style=\"top:55%;left:80%;\" data-top=\"55%\" data-left=\"80%\"><a href=\"#\" class=\"cq-tooltip\" style=\"background-color:rgba(0,0,0,0.8);\" data-iconbg=\"rgba(0,0,0,0.8)\" data-tooltip=\"\n&lt;strong&gt;Ferrari F355 &lt;\/strong&gt;&lt;br \/&gt;\nyear 1996\" data-arrowposition=\"top\"><span style=\"background:#ffffff;\"><\/span><\/a><\/div><\/div><\/div>[\/vc_column][\/vc_row]<\/p>\n<p><\/p>","protected":false},"excerpt":{"rendered":"<p>[vc_row full_width=\u00bbstretch_row\u00bb ptextcolor=\u00bbBlack\u00bb gradient_colors=\u00bb%5B%7B%7D%5D\u00bb pdecor=\u00bb1&#8243; decor_height=\u00bb130&#8243; decor_points_top=\u00bb0,0 10,0 15,60 85,60 90,0 100,0&#8243; kswr_row_top_decor_enabled=\u00bbfalse\u00bb kswr_row_bottom_decor_enabled=\u00bbfalse\u00bb css=\u00bb.vc_custom_1510154385183{padding-top: 0px !important;padding-bottom: 100px !important;background-color: #ffffff !important;}\u00bb][vc_column gradient_colors=\u00bb%5B%7B%7D%5D\u00bb][vc_empty_space height=\u00bb50px\u00bb][vc_row_inner][vc_column_inner width=\u00bb1\/2&#8243; offset=\u00bbvc_col-lg-6 vc_col-md-6&#8243;][block_title title=\u00bb\u00bb titlepos=\u00bbtext-left\u00bb] Sobre Cat Classics Garage \u00a1Visitados por muchos compradores de cl\u00e1sicos cada mes! No es sorprendente que hoy en d\u00eda haya una gran cantidad de coleccionistas y amantes [&hellip;]<\/p>\n","protected":false},"author":36,"featured_media":0,"parent":0,"menu_order":0,"comment_status":"closed","ping_status":"closed","template":"","meta":[],"_links":{"self":[{"href":"https:\/\/catclassicsgarage.com\/es\/wp-json\/wp\/v2\/pages\/9684"}],"collection":[{"href":"https:\/\/catclassicsgarage.com\/es\/wp-json\/wp\/v2\/pages"}],"about":[{"href":"https:\/\/catclassicsgarage.com\/es\/wp-json\/wp\/v2\/types\/page"}],"author":[{"embeddable":true,"href":"https:\/\/catclassicsgarage.com\/es\/wp-json\/wp\/v2\/users\/36"}],"replies":[{"embeddable":true,"href":"https:\/\/catclassicsgarage.com\/es\/wp-json\/wp\/v2\/comments?post=9684"}],"version-history":[{"count":0,"href":"https:\/\/catclassicsgarage.com\/es\/wp-json\/wp\/v2\/pages\/9684\/revisions"}],"wp:attachment":[{"href":"https:\/\/catclassicsgarage.com\/es\/wp-json\/wp\/v2\/media?parent=9684"}],"curies":[{"name":"wp","href":"https:\/\/api.w.org\/{rel}","templated":true}]}}